{"id":3188,"date":"2025-03-10T14:02:32","date_gmt":"2025-03-10T14:02:32","guid":{"rendered":"https:\/\/staging.food-biodiversity.de\/fit-for-biodiversity-publikationen\/"},"modified":"2025-06-11T09:44:41","modified_gmt":"2025-06-11T09:44:41","slug":"fit-for-biodiversity-publications","status":"publish","type":"page","link":"https:\/\/staging.food-biodiversity.de\/en\/fit-for-biodiversity\/fit-for-biodiversity-publications\/","title":{"rendered":"Fit for Biodiversity &#8211; Publications"},"content":{"rendered":"<div class=\"wpb-content-wrapper\"><p>[vc_row row_height_percent=&#8221;0&#8243; override_padding=&#8221;yes&#8221; h_padding=&#8221;2&#8243; top_padding=&#8221;2&#8243; bottom_padding=&#8221;3&#8243; overlay_alpha=&#8221;50&#8243; gutter_size=&#8221;3&#8243; column_width_percent=&#8221;100&#8243; shift_y=&#8221;0&#8243; z_index=&#8221;0&#8243; content_parallax=&#8221;0&#8243; uncode_shortcode_id=&#8221;543347&#8243;][vc_column column_width_percent=&#8221;80&#8243; gutter_size=&#8221;3&#8243; overlay_alpha=&#8221;50&#8243; shift_x=&#8221;0&#8243; shift_y=&#8221;0&#8243; shift_y_down=&#8221;0&#8243; z_index=&#8221;0&#8243; medium_width=&#8221;0&#8243; mobile_width=&#8221;0&#8243; width=&#8221;1\/1&#8243; uncode_shortcode_id=&#8221;485077&#8243;][vc_button button_color=&#8221;color-131892&#8243; size=&#8221;link&#8221; btn_link_underline=&#8221;btn-underline-in&#8221; link=&#8221;url:%2Fen%2Ffit-for-biodiversity%2F&#8221; button_color_type=&#8221;uncode-palette&#8221; uncode_shortcode_id=&#8221;470079&#8243; icon=&#8221;fa fa-arrow-left2&#8243;]Back[\/vc_button][vc_custom_heading text_color=&#8221;color-131892&#8243; uncode_shortcode_id=&#8221;575651&#8243; text_color_type=&#8221;uncode-palette&#8221;]Publications[\/vc_custom_heading][vc_column_text uncode_shortcode_id=&#8221;707647&#8243;]    <div class=\"cdp-filter-bar\">\n        <div class=\"cdp-filter-wrapper\">\n            <div class=\"filter-col\">\n                <select  name='cdp-category' id='cdp-category' class='postform'>\n\t<option value='0'>Select category<\/option>\n\t<option class=\"level-0\" value=\"53\">Report<\/option>\n\t<option class=\"level-0\" value=\"54\">Tools<\/option>\n<\/select>\n            <\/div>\n            <div class=\"filter-col\">\n                <select  name='cdp-audience' id='cdp-audience' class='postform'>\n\t<option value='0'>All audiences<\/option>\n\t<option class=\"level-0\" value=\"52\">Companies<\/option>\n<\/select>\n            <\/div>\n            <div class=\"filter-col\">\n                <select  name='cdp-language' id='cdp-language' class='postform'>\n\t<option value='0'>All languages<\/option>\n\t<option class=\"level-0\" value=\"55\">German<\/option>\n\t<option class=\"level-0\" value=\"56\">English<\/option>\n\t<option class=\"level-0\" value=\"57\">Spanish<\/option>\n<\/select>\n            <\/div>\n        <\/div>\n        <div class=\"cdp-reset\">\n            <button id=\"cdp-reset-filters\" class=\"button\" style=\"display: none;\">\n                Reset filters            <\/button>\n        <\/div>\n    <\/div>\n\n    <!-- Debug -->\n    <div class=\"cdp-debug\" style=\"display:none;\">\n        <pre>\n        Array\n(\n    [current_lang] => en\n    [GET] => Array\n        (\n        )\n\n    [Categories] => Array\n        (\n            [0] => WP_Term Object\n                (\n                    [term_id] => 53\n                    [name] => Report\n                    [slug] => report-en\n                    [term_group] => 0\n                    [term_taxonomy_id] => 53\n                    [taxonomy] => download_category\n                    [description] => \n                    [parent] => 0\n                    [count] => 3\n                    [filter] => raw\n                )\n\n            [1] => WP_Term Object\n                (\n                    [term_id] => 54\n                    [name] => Tools\n                    [slug] => tools-en\n                    [term_group] => 0\n                    [term_taxonomy_id] => 54\n                    [taxonomy] => download_category\n                    [description] => \n                    [parent] => 0\n                    [count] => 3\n                    [filter] => raw\n                )\n\n        )\n\n    [Audiences] => Array\n        (\n            [0] => WP_Term Object\n                (\n                    [term_id] => 52\n                    [name] => Companies\n                    [slug] => companies\n                    [term_group] => 0\n                    [term_taxonomy_id] => 52\n                    [taxonomy] => download_audience\n                    [description] => \n                    [parent] => 0\n                    [count] => 6\n                    [filter] => raw\n                )\n\n        )\n\n    [Languages] => Array\n        (\n            [0] => WP_Term Object\n                (\n                    [term_id] => 56\n                    [name] => English\n                    [slug] => english\n                    [term_group] => 0\n                    [term_taxonomy_id] => 56\n                    [taxonomy] => download_language\n                    [description] => \n                    [parent] => 0\n                    [count] => 2\n                    [filter] => raw\n                )\n\n            [1] => WP_Term Object\n                (\n                    [term_id] => 55\n                    [name] => German\n                    [slug] => german\n                    [term_group] => 0\n                    [term_taxonomy_id] => 55\n                    [taxonomy] => download_language\n                    [description] => \n                    [parent] => 0\n                    [count] => 2\n                    [filter] => raw\n                )\n\n            [2] => WP_Term Object\n                (\n                    [term_id] => 57\n                    [name] => Spanish\n                    [slug] => spanish\n                    [term_group] => 0\n                    [term_taxonomy_id] => 57\n                    [taxonomy] => download_language\n                    [description] => \n                    [parent] => 0\n                    [count] => 2\n                    [filter] => raw\n                )\n\n        )\n\n)\n        <\/pre>\n    <\/div>\n\n    <div class=\"download-grid\" id=\"cdp-results\">\n                    <div class=\"download-card\">\n                <div class=\"card-thumb\">\n                    <img decoding=\"async\" width=\"768\" height=\"1086\" src=\"https:\/\/staging.food-biodiversity.de\/wp-content\/uploads\/2025\/05\/Set-Basico-Fact-Sheet-ES-768x1086.png\" class=\"attachment-medium_large size-medium_large wp-post-image\" alt=\"\" srcset=\"https:\/\/staging.food-biodiversity.de\/wp-content\/uploads\/2025\/05\/Set-Basico-Fact-Sheet-ES-768x1086.png 768w, https:\/\/staging.food-biodiversity.de\/wp-content\/uploads\/2025\/05\/Set-Basico-Fact-Sheet-ES-212x300.png 212w, https:\/\/staging.food-biodiversity.de\/wp-content\/uploads\/2025\/05\/Set-Basico-Fact-Sheet-ES-724x1024.png 724w, https:\/\/staging.food-biodiversity.de\/wp-content\/uploads\/2025\/05\/Set-Basico-Fact-Sheet-ES-1086x1536.png 1086w, https:\/\/staging.food-biodiversity.de\/wp-content\/uploads\/2025\/05\/Set-Basico-Fact-Sheet-ES-350x495.png 350w, https:\/\/staging.food-biodiversity.de\/wp-content\/uploads\/2025\/05\/Set-Basico-Fact-Sheet-ES.png 1414w\" sizes=\"(max-width: 768px) 100vw, 768px\" \/>                <\/div>\n                <div class=\"card-content\">\n                    <div class=\"card-text\">\n                        <h3 class=\"h5\">Set Basico Fact Sheet Espa\u00f1ol<\/h3>\n                                                    <div class=\"cdp-description\">Este documento informativo explica qu\u00e9 es el Set B\u00e1sico, por qu\u00e9 es importante para la agricultura y el sector alimentario, y qui\u00e9n puede utilizarlo, desde organizaciones de est\u00e1ndares y empresas hasta responsables pol\u00edtico.<\/div>\n                                                <div class=\"meta\">\n                            <table class=\"cdp-meta-table\">\n                                <tr>\n                                    <td>Category:<\/td>\n                                    <td>Tools<\/td>\n                                <\/tr>\n                                <tr>\n                                    <td>Audience:<\/td>\n                                    <td>Companies<\/td>\n                                <\/tr>\n                                <tr>\n                                    <td>Language:<\/td>\n                                    <td>Spanish<\/td>\n                                <\/tr>\n                            <\/table>\n                        <\/div>\n                    <\/div>\n                    <button class=\"cdp-open-modal\" data-download-id=\"3506\">\n                        Download                    <\/button>\n                <\/div>\n            <\/div>\n                        <div class=\"download-card\">\n                <div class=\"card-thumb\">\n                    <img decoding=\"async\" width=\"547\" height=\"782\" src=\"https:\/\/staging.food-biodiversity.de\/wp-content\/uploads\/2025\/04\/BS-Coverbild-Deutsch.png\" class=\"attachment-medium_large size-medium_large wp-post-image\" alt=\"\" srcset=\"https:\/\/staging.food-biodiversity.de\/wp-content\/uploads\/2025\/04\/BS-Coverbild-Deutsch.png 547w, https:\/\/staging.food-biodiversity.de\/wp-content\/uploads\/2025\/04\/BS-Coverbild-Deutsch-210x300.png 210w, https:\/\/staging.food-biodiversity.de\/wp-content\/uploads\/2025\/04\/BS-Coverbild-Deutsch-350x500.png 350w\" sizes=\"(max-width: 547px) 100vw, 547px\" \/>                <\/div>\n                <div class=\"card-content\">\n                    <div class=\"card-text\">\n                        <h3 class=\"h5\">2. Auflage Basis-Set f\u00fcr gem\u00e4\u00dfigte Breiten (Europa)<\/h3>\n                                                    <div class=\"cdp-description\">Das Basis-Set ist ein Kriterienset f\u00fcr die landwirtschaftliche Produktion und dient dem Schutz der Biodiversit\u00e4t. Es soll als Vorlage f\u00fcr Unternehmensrichtlinien und Standards dienen.<\/div>\n                                                <div class=\"meta\">\n                            <table class=\"cdp-meta-table\">\n                                <tr>\n                                    <td>Category:<\/td>\n                                    <td>Report<\/td>\n                                <\/tr>\n                                <tr>\n                                    <td>Audience:<\/td>\n                                    <td>Companies<\/td>\n                                <\/tr>\n                                <tr>\n                                    <td>Language:<\/td>\n                                    <td>German<\/td>\n                                <\/tr>\n                            <\/table>\n                        <\/div>\n                    <\/div>\n                    <button class=\"cdp-open-modal\" data-download-id=\"3508\">\n                        Download                    <\/button>\n                <\/div>\n            <\/div>\n                        <div class=\"download-card\">\n                <div class=\"card-thumb\">\n                    <img decoding=\"async\" width=\"548\" height=\"780\" src=\"https:\/\/staging.food-biodiversity.de\/wp-content\/uploads\/2025\/04\/BS-Coverbild-Englisch.png\" class=\"attachment-medium_large size-medium_large wp-post-image\" alt=\"\" srcset=\"https:\/\/staging.food-biodiversity.de\/wp-content\/uploads\/2025\/04\/BS-Coverbild-Englisch.png 548w, https:\/\/staging.food-biodiversity.de\/wp-content\/uploads\/2025\/04\/BS-Coverbild-Englisch-211x300.png 211w, https:\/\/staging.food-biodiversity.de\/wp-content\/uploads\/2025\/04\/BS-Coverbild-Englisch-350x498.png 350w\" sizes=\"(max-width: 548px) 100vw, 548px\" \/>                <\/div>\n                <div class=\"card-content\">\n                    <div class=\"card-text\">\n                        <h3 class=\"h5\">2nd Edition Basic Set for temperate regions (Europe)<\/h3>\n                                                    <div class=\"cdp-description\">The Basic Set is a set of criteria for agricultural production and is intended to protect biodiversity. It is designed to serve as a template for company policies and standards.<\/div>\n                                                <div class=\"meta\">\n                            <table class=\"cdp-meta-table\">\n                                <tr>\n                                    <td>Category:<\/td>\n                                    <td>Report<\/td>\n                                <\/tr>\n                                <tr>\n                                    <td>Audience:<\/td>\n                                    <td>Companies<\/td>\n                                <\/tr>\n                                <tr>\n                                    <td>Language:<\/td>\n                                    <td>English<\/td>\n                                <\/tr>\n                            <\/table>\n                        <\/div>\n                    <\/div>\n                    <button class=\"cdp-open-modal\" data-download-id=\"3510\">\n                        Download                    <\/button>\n                <\/div>\n            <\/div>\n                        <div class=\"download-card\">\n                <div class=\"card-thumb\">\n                    <img decoding=\"async\" width=\"547\" height=\"779\" src=\"https:\/\/staging.food-biodiversity.de\/wp-content\/uploads\/2025\/04\/BS-Coverbild-Spanisch.png\" class=\"attachment-medium_large size-medium_large wp-post-image\" alt=\"\" srcset=\"https:\/\/staging.food-biodiversity.de\/wp-content\/uploads\/2025\/04\/BS-Coverbild-Spanisch.png 547w, https:\/\/staging.food-biodiversity.de\/wp-content\/uploads\/2025\/04\/BS-Coverbild-Spanisch-211x300.png 211w, https:\/\/staging.food-biodiversity.de\/wp-content\/uploads\/2025\/04\/BS-Coverbild-Spanisch-350x498.png 350w\" sizes=\"(max-width: 547px) 100vw, 547px\" \/>                <\/div>\n                <div class=\"card-content\">\n                    <div class=\"card-text\">\n                        <h3 class=\"h5\">2\u00aa Edici\u00f3n Conjunto b\u00e1sico para latitudes templadas (Europa)<\/h3>\n                                                    <div class=\"cdp-description\">El Conjunto B\u00e1sico es un conjunto de criterios para la producci\u00f3n agr\u00edcola y tiene como objetivo la protecci\u00f3n de la biodiversidad. Est\u00e1 dise\u00f1ado para servir como modelo para pol\u00edticas y normas empresariales.<\/div>\n                                                <div class=\"meta\">\n                            <table class=\"cdp-meta-table\">\n                                <tr>\n                                    <td>Category:<\/td>\n                                    <td>Report<\/td>\n                                <\/tr>\n                                <tr>\n                                    <td>Audience:<\/td>\n                                    <td>Companies<\/td>\n                                <\/tr>\n                                <tr>\n                                    <td>Language:<\/td>\n                                    <td>Spanish<\/td>\n                                <\/tr>\n                            <\/table>\n                        <\/div>\n                    <\/div>\n                    <button class=\"cdp-open-modal\" data-download-id=\"3512\">\n                        Download                    <\/button>\n                <\/div>\n            <\/div>\n                        <div class=\"download-card\">\n                <div class=\"card-thumb\">\n                    <img decoding=\"async\" width=\"768\" height=\"1086\" src=\"https:\/\/staging.food-biodiversity.de\/wp-content\/uploads\/2025\/03\/Titelbild-Basis-Set-Fact-Sheet-DE-768x1086.webp\" class=\"attachment-medium_large size-medium_large wp-post-image\" alt=\"\" srcset=\"https:\/\/staging.food-biodiversity.de\/wp-content\/uploads\/2025\/03\/Titelbild-Basis-Set-Fact-Sheet-DE-768x1086.webp 768w, https:\/\/staging.food-biodiversity.de\/wp-content\/uploads\/2025\/03\/Titelbild-Basis-Set-Fact-Sheet-DE-212x300.webp 212w, https:\/\/staging.food-biodiversity.de\/wp-content\/uploads\/2025\/03\/Titelbild-Basis-Set-Fact-Sheet-DE-724x1024.webp 724w, https:\/\/staging.food-biodiversity.de\/wp-content\/uploads\/2025\/03\/Titelbild-Basis-Set-Fact-Sheet-DE-1086x1536.webp 1086w, https:\/\/staging.food-biodiversity.de\/wp-content\/uploads\/2025\/03\/Titelbild-Basis-Set-Fact-Sheet-DE-350x495.webp 350w, https:\/\/staging.food-biodiversity.de\/wp-content\/uploads\/2025\/03\/Titelbild-Basis-Set-Fact-Sheet-DE.webp 1414w\" sizes=\"(max-width: 768px) 100vw, 768px\" \/>                <\/div>\n                <div class=\"card-content\">\n                    <div class=\"card-text\">\n                        <h3 class=\"h5\">Basis-Set Fact Sheet German<\/h3>\n                                                    <div class=\"cdp-description\">Dieses Fact Sheet erkl\u00e4rt, was das Basis-Set ist, warum es f\u00fcr die Landwirtschaft und Lebensmittelbranche wichtig ist und wer es nutzen kann \u2013 von Standards \u00fcber Unternehmen bis zur Politik.<\/div>\n                                                <div class=\"meta\">\n                            <table class=\"cdp-meta-table\">\n                                <tr>\n                                    <td>Category:<\/td>\n                                    <td>Tools<\/td>\n                                <\/tr>\n                                <tr>\n                                    <td>Audience:<\/td>\n                                    <td>Companies<\/td>\n                                <\/tr>\n                                <tr>\n                                    <td>Language:<\/td>\n                                    <td>German<\/td>\n                                <\/tr>\n                            <\/table>\n                        <\/div>\n                    <\/div>\n                    <button class=\"cdp-open-modal\" data-download-id=\"3514\">\n                        Download                    <\/button>\n                <\/div>\n            <\/div>\n                        <div class=\"download-card\">\n                <div class=\"card-thumb\">\n                    <img decoding=\"async\" width=\"768\" height=\"1086\" src=\"https:\/\/staging.food-biodiversity.de\/wp-content\/uploads\/2025\/03\/Titelbild-Basic-Set-Fact-Sheet-EN-768x1086.webp\" class=\"attachment-medium_large size-medium_large wp-post-image\" alt=\"\" srcset=\"https:\/\/staging.food-biodiversity.de\/wp-content\/uploads\/2025\/03\/Titelbild-Basic-Set-Fact-Sheet-EN-768x1086.webp 768w, https:\/\/staging.food-biodiversity.de\/wp-content\/uploads\/2025\/03\/Titelbild-Basic-Set-Fact-Sheet-EN-212x300.webp 212w, https:\/\/staging.food-biodiversity.de\/wp-content\/uploads\/2025\/03\/Titelbild-Basic-Set-Fact-Sheet-EN-724x1024.webp 724w, https:\/\/staging.food-biodiversity.de\/wp-content\/uploads\/2025\/03\/Titelbild-Basic-Set-Fact-Sheet-EN-1086x1536.webp 1086w, https:\/\/staging.food-biodiversity.de\/wp-content\/uploads\/2025\/03\/Titelbild-Basic-Set-Fact-Sheet-EN-350x495.webp 350w, https:\/\/staging.food-biodiversity.de\/wp-content\/uploads\/2025\/03\/Titelbild-Basic-Set-Fact-Sheet-EN.webp 1414w\" sizes=\"(max-width: 768px) 100vw, 768px\" \/>                <\/div>\n                <div class=\"card-content\">\n                    <div class=\"card-text\">\n                        <h3 class=\"h5\">Basic-Set Fact Sheet English<\/h3>\n                                                    <div class=\"cdp-description\">This fact sheet explains what the Basic Set is, why it matters for agriculture and the food sector, and who can use it \u2013 from standards and companies to policymakers.<\/div>\n                                                <div class=\"meta\">\n                            <table class=\"cdp-meta-table\">\n                                <tr>\n                                    <td>Category:<\/td>\n                                    <td>Tools<\/td>\n                                <\/tr>\n                                <tr>\n                                    <td>Audience:<\/td>\n                                    <td>Companies<\/td>\n                                <\/tr>\n                                <tr>\n                                    <td>Language:<\/td>\n                                    <td>English<\/td>\n                                <\/tr>\n                            <\/table>\n                        <\/div>\n                    <\/div>\n                    <button class=\"cdp-open-modal\" data-download-id=\"3516\">\n                        Download                    <\/button>\n                <\/div>\n            <\/div>\n                <\/div>\n\n    <!-- Modal -->\n    <div id=\"cdp-modal\" class=\"cdp-modal\" style=\"display:none;\">\n        <div class=\"cdp-modal-content\">\n            <span class=\"cdp-close\">&times;<\/span>\n            <div id=\"cdp-modal-body\">\n                <p>Preparing download...<\/p>\n            <\/div>\n        <\/div>\n    <\/div>\n    [\/vc_column_text][\/vc_column][\/vc_row]<\/p>\n<\/div>","protected":false},"excerpt":{"rendered":"<p>[vc_row row_height_percent=&#8221;0&#8243; override_padding=&#8221;yes&#8221; h_padding=&#8221;2&#8243; top_padding=&#8221;2&#8243; bottom_padding=&#8221;3&#8243; overlay_alpha=&#8221;50&#8243; gutter_size=&#8221;3&#8243; column_width_percent=&#8221;100&#8243; shift_y=&#8221;0&#8243; z_index=&#8221;0&#8243; content_parallax=&#8221;0&#8243; uncode_shortcode_id=&#8221;543347&#8243;][vc_column column_width_percent=&#8221;80&#8243; gutter_size=&#8221;3&#8243; overlay_alpha=&#8221;50&#8243; shift_x=&#8221;0&#8243; shift_y=&#8221;0&#8243; shift_y_down=&#8221;0&#8243; z_index=&#8221;0&#8243; [&hellip;]<\/p>\n","protected":false},"author":1,"featured_media":0,"parent":4647,"menu_order":0,"comment_status":"closed","ping_status":"closed","template":"","meta":{"footnotes":""},"class_list":["post-3188","page","type-page","status-publish","hentry"],"_links":{"self":[{"href":"https:\/\/staging.food-biodiversity.de\/en\/wp-json\/wp\/v2\/pages\/3188","targetHints":{"allow":["GET"]}}],"collection":[{"href":"https:\/\/staging.food-biodiversity.de\/en\/wp-json\/wp\/v2\/pages"}],"about":[{"href":"https:\/\/staging.food-biodiversity.de\/en\/wp-json\/wp\/v2\/types\/page"}],"author":[{"embeddable":true,"href":"https:\/\/staging.food-biodiversity.de\/en\/wp-json\/wp\/v2\/users\/1"}],"replies":[{"embeddable":true,"href":"https:\/\/staging.food-biodiversity.de\/en\/wp-json\/wp\/v2\/comments?post=3188"}],"version-history":[{"count":0,"href":"https:\/\/staging.food-biodiversity.de\/en\/wp-json\/wp\/v2\/pages\/3188\/revisions"}],"up":[{"embeddable":true,"href":"https:\/\/staging.food-biodiversity.de\/en\/wp-json\/wp\/v2\/pages\/4647"}],"wp:attachment":[{"href":"https:\/\/staging.food-biodiversity.de\/en\/wp-json\/wp\/v2\/media?parent=3188"}],"curies":[{"name":"wp","href":"https:\/\/api.w.org\/{rel}","templated":true}]}}